{"id":1563,"date":"2018-03-22T17:00:03","date_gmt":"2018-03-22T14:00:03","guid":{"rendered":"http:\/\/www.duranlar.com.tr\/duranlar\/?page_id=1563"},"modified":"2018-04-21T00:28:56","modified_gmt":"2018-04-20T21:28:56","slug":"misyonumuz-vizyonumuz","status":"publish","type":"page","link":"https:\/\/www.duranlar.com.tr\/duranlar\/misyonumuz-vizyonumuz\/","title":{"rendered":"Misyon &#038; Vizyon"},"content":{"rendered":"<div class=\"wpb-content-wrapper\"><p>[vc_row][vc_column]<div id=\"ultimate-heading-874869e344cc8e9e3\" class=\"uvc-heading ult-adjust-bottom-margin ultimate-heading-874869e344cc8e9e3 uvc-9042 \" data-hspacer=\"no_spacer\"  data-halign=\"left\" style=\"text-align:left\"><div class=\"uvc-heading-spacer no_spacer\" style=\"top\"><\/div><div class=\"uvc-main-heading ult-responsive\"  data-ultimate-target='.uvc-heading.ultimate-heading-874869e344cc8e9e3 h2'  data-responsive-json-new='{\"font-size\":\"desktop:20px;\",\"line-height\":\"\"}' ><h2 style=\"font-family:&#039;Roboto Condensed&#039;;font-weight:700;\">Misyonumuz<\/h2><\/div><\/div>[vc_column_text]Kap\u0131 ve pencere sistemleri imalat\u0131 ile beyaz e\u015fya &#8211; mobilya sekt\u00f6rlerine y\u00f6nelik olarak hizmetlerini ortaya koymaya devam eden firmam\u0131z, Winsa&#8217;n\u0131n bayili\u011fini \u00fcstlenen k\u00f6kl\u00fc firmalardan birisidir. Firmam\u0131z\u0131n t\u00fcm bu alanlardaki esas mottosu lorem ipsum teorisine dayanmaktad\u0131r. Bu teori bundan as\u0131rlar \u00f6ncesinde M\u00d6 1. y\u00fczy\u0131llarda s\u00f6ylenen \u00c7i\u00e7ero&#8217;nun yaz\u0131l\u0131 metinleridir. Bu metinlerinde hitabet ustas\u0131 Romal\u0131 \u015fair hep ileriye, hep ayd\u0131nl\u0131\u011fa do\u011fru yol alman\u0131n a\u00e7\u0131k bir \u015fekilde \u00e7a\u011fr\u0131s\u0131n\u0131 yapm\u0131\u015ft\u0131r. \u0130\u015fte bizler de bu anlay\u0131\u015fta hareket ederek m\u00fc\u015fterilerimize daima yenilikler katan yap\u0131m\u0131zla t\u00fcm \u00fcr\u00fcnlerimizi sunmaya devam ediyoruz. B\u00f6ylece hem onlar\u0131n hizmetlerimizden daha iyi \u015fekilde yararlanmas\u0131 hem de daha kaliteli bir hizmet ortaya koyabilmek ad\u0131na \u00e7al\u0131\u015fmalarda bulunuyoruz.[\/vc_column_text]<div id=\"ultimate-heading-899269e344cc8ea40\" class=\"uvc-heading ult-adjust-bottom-margin ultimate-heading-899269e344cc8ea40 uvc-6731 \" data-hspacer=\"no_spacer\"  data-halign=\"left\" style=\"text-align:left\"><div class=\"uvc-heading-spacer no_spacer\" style=\"top\"><\/div><div class=\"uvc-main-heading ult-responsive\"  data-ultimate-target='.uvc-heading.ultimate-heading-899269e344cc8ea40 h2'  data-responsive-json-new='{\"font-size\":\"desktop:20px;\",\"line-height\":\"\"}' ><h2 style=\"font-family:&#039;Roboto Condensed&#039;;font-weight:700;\">Vizyonumuz<\/h2><\/div><\/div>[vc_column_text]20. y\u00fczy\u0131l\u0131n 21. y\u00fczy\u0131lla tam kesi\u015fti\u011fi anda hizmet vermeye ba\u015flayan yap\u0131m\u0131zla hizmetlerimizi vermeye devam eden firmam\u0131z m\u00fc\u015fterilerine daima yenilik\u00e7i, teknolojik ve daima en orijinal \u00fcretimleriyle cazibesini korumu\u015ftur. Bu da firma profili olarak \u00e7al\u0131\u015fmalar\u0131m\u0131z\u0131n daha da k\u00f6k salarak geli\u015fmesini sa\u011flam\u0131\u015f ve t\u00fcm \u00e7al\u0131\u015fmalar\u0131m\u0131zda m\u00fc\u015fterilerimizin beklentilerini kar\u015f\u0131lamaya devam eden yakla\u015f\u0131mla hareket etmemizi kuvvetlendirmi\u015ftir.<br \/>\nFirmam\u0131z olarak temel vizyonumuz; \u00e7a\u011f\u0131n ihtiya\u00e7 duydu\u011fu t\u00fcm yenilikleri yak\u0131ndan takip ederek alan\u0131nda uzman ekip kadromuzla mobilya, kap\u0131 ve pencere sistemleriyle yal\u0131t\u0131m sistemleri konusunda yeniliklere imza atmak. Bunlar\u0131 yaparken uluslararas\u0131 standartlar\u0131 da yak\u0131ndan takip ederek t\u00fcm bunlar\u0131 \u00fclkemize kazand\u0131rma anlay\u0131\u015f\u0131m\u0131z da ilk ortada duran yakla\u015f\u0131mlar\u0131m\u0131z\u0131n bir di\u011ferini meydana getirmektedir.[\/vc_column_text][\/vc_column][\/vc_row]<\/p>\n<\/div>","protected":false},"excerpt":{"rendered":"<p>[vc_row][vc_column][vc_column_text]Kap\u0131 ve pencere sistemleri imalat\u0131 ile beyaz e\u015fya &#8211; mobilya sekt\u00f6rlerine y\u00f6nelik olarak hizmetlerini ortaya koymaya devam eden firmam\u0131z, Winsa&#8217;n\u0131n bayili\u011fini \u00fcstlenen k\u00f6kl\u00fc firmalardan birisidir. Firmam\u0131z\u0131n t\u00fcm bu alanlardaki esas mottosu lorem ipsum teorisine dayanmaktad\u0131r. Bu teori bundan as\u0131rlar \u00f6ncesinde M\u00d6 1. y\u00fczy\u0131llarda s\u00f6ylenen \u00c7i\u00e7ero&#8217;nun yaz\u0131l\u0131 metinleridir. Bu metinlerinde hitabet ustas\u0131 Romal\u0131 \u015fair hep ileriye,&hellip;<\/p>\n","protected":false},"author":1,"featured_media":0,"parent":0,"menu_order":0,"comment_status":"closed","ping_status":"closed","template":"","meta":{"footnotes":""},"class_list":["post-1563","page","type-page","status-publish","hentry","description-off"],"_links":{"self":[{"href":"https:\/\/www.duranlar.com.tr\/duranlar\/wp-json\/wp\/v2\/pages\/1563","targetHints":{"allow":["GET"]}}],"collection":[{"href":"https:\/\/www.duranlar.com.tr\/duranlar\/wp-json\/wp\/v2\/pages"}],"about":[{"href":"https:\/\/www.duranlar.com.tr\/duranlar\/wp-json\/wp\/v2\/types\/page"}],"author":[{"embeddable":true,"href":"https:\/\/www.duranlar.com.tr\/duranlar\/wp-json\/wp\/v2\/users\/1"}],"replies":[{"embeddable":true,"href":"https:\/\/www.duranlar.com.tr\/duranlar\/wp-json\/wp\/v2\/comments?post=1563"}],"version-history":[{"count":7,"href":"https:\/\/www.duranlar.com.tr\/duranlar\/wp-json\/wp\/v2\/pages\/1563\/revisions"}],"predecessor-version":[{"id":1785,"href":"https:\/\/www.duranlar.com.tr\/duranlar\/wp-json\/wp\/v2\/pages\/1563\/revisions\/1785"}],"wp:attachment":[{"href":"https:\/\/www.duranlar.com.tr\/duranlar\/wp-json\/wp\/v2\/media?parent=1563"}],"curies":[{"name":"wp","href":"https:\/\/api.w.org\/{rel}","templated":true}]}}