{"id":1241,"date":"2018-03-15T12:31:41","date_gmt":"2018-03-15T09:31:41","guid":{"rendered":"http:\/\/www.duranlar.com.tr\/duranlar\/?page_id=1241"},"modified":"2025-01-28T03:48:47","modified_gmt":"2025-01-28T00:48:47","slug":"anasayfa","status":"publish","type":"page","link":"https:\/\/www.duranlar.com.tr\/duranlar\/","title":{"rendered":"Anasayfa"},"content":{"rendered":"<div class=\"wpb-content-wrapper\"><p>[vc_row bg_type=&#8221;bg_color&#8221; bg_override=&#8221;full&#8221; bg_color_value=&#8221;#f9f9f9&#8243; css=&#8221;.vc_custom_1523561339360{margin-top: -70px !important;}&#8221;][vc_column][vc_row_inner][vc_column_inner width=&#8221;1\/4&#8243;]<div class=\"smile_icon_list_wrap ult_info_list_container ult-adjust-bottom-margin  \"><ul class=\"smile_icon_list left hexagon\"><li class=\"icon_list_item\" style=\" font-size:72px;\"><div class=\"icon_list_icon\" data-animation=\"fadeIn\" data-animation-delay=\"03\" style=\"font-size:24px;background:#d01e12;color:#ffffff;border-color:#d01e12;\"><i class=\"Defaults-bank institution university\" ><\/i><\/div><div class=\"icon_description\" id=\"Info-list-wrap-3934\" style=\"font-size:24px;\"><h3 class=\"ult-responsive info-list-heading\"  data-ultimate-target='#Info-list-wrap-3934 h3'  data-responsive-json-new='{\"font-size\":\"desktop:16px;\",\"line-height\":\"desktop:24px;\"}'  style=\"\">G\u00fcven &amp; Kalite<\/h3><div class=\"icon_description_text ult-responsive\"  data-ultimate-target='#Info-list-wrap-3934 .icon_description_text'  data-responsive-json-new='{\"font-size\":\"desktop:13px;\",\"line-height\":\"desktop:18px;\"}'  style=\"\"><p>Kalite ve G\u00fcveni m\u00fc\u015fterilerine benimsetmi\u015f bir yap\u0131y\u0131z.<\/p>\n<\/div><\/div><div class=\"icon_list_connector\" data-animation=\"fadeInUp\" data-animation-delay=\"03\" style=\"border-right-width: 1px;border-right-style: dotted;border-color: #25499b;\"><\/div><\/li><\/ul><\/div>[\/vc_column_inner][vc_column_inner width=&#8221;1\/4&#8243;]<div class=\"smile_icon_list_wrap ult_info_list_container ult-adjust-bottom-margin  \"><ul class=\"smile_icon_list left hexagon\"><li class=\"icon_list_item\" style=\" font-size:72px;\"><div class=\"icon_list_icon\" data-animation=\"fadeIn\" data-animation-delay=\"03\" style=\"font-size:24px;background:#d01e12;color:#ffffff;border-color:#d01e12;\"><i class=\"Defaults-briefcase\" ><\/i><\/div><div class=\"icon_description\" id=\"Info-list-wrap-6733\" style=\"font-size:24px;\"><h3 class=\"ult-responsive info-list-heading\"  data-ultimate-target='#Info-list-wrap-6733 h3'  data-responsive-json-new='{\"font-size\":\"desktop:16px;\",\"line-height\":\"desktop:24px;\"}'  style=\"\">M\u00fc\u015fteri Memnuniyeti<\/h3><div class=\"icon_description_text ult-responsive\"  data-ultimate-target='#Info-list-wrap-6733 .icon_description_text'  data-responsive-json-new='{\"font-size\":\"desktop:13px;\",\"line-height\":\"desktop:18px;\"}'  style=\"\"><p>M\u00fc\u015fteri memnuniyeti bizim i\u00e7in her\u015feyden \u00f6nce gelir.<\/p>\n<\/div><\/div><div class=\"icon_list_connector\" data-animation=\"fadeInUp\" data-animation-delay=\"03\" style=\"border-right-width: 1px;border-right-style: dotted;border-color: #25499b;\"><\/div><\/li><\/ul><\/div>[\/vc_column_inner][vc_column_inner width=&#8221;1\/4&#8243;]<div class=\"smile_icon_list_wrap ult_info_list_container ult-adjust-bottom-margin  \"><ul class=\"smile_icon_list left hexagon\"><li class=\"icon_list_item\" style=\" font-size:72px;\"><div class=\"icon_list_icon\" data-animation=\"fadeIn\" data-animation-delay=\"03\" style=\"font-size:24px;background:#d01e12;color:#ffffff;border-color:#d01e12;\"><i class=\"Defaults-paper-plane send\" ><\/i><\/div><div class=\"icon_description\" id=\"Info-list-wrap-5113\" style=\"font-size:24px;\"><h3 class=\"ult-responsive info-list-heading\"  data-ultimate-target='#Info-list-wrap-5113 h3'  data-responsive-json-new='{\"font-size\":\"desktop:16px;\",\"line-height\":\"desktop:24px;\"}'  style=\"\">Geni\u015f \u00dcr\u00fcn Yelpazesi<\/h3><div class=\"icon_description_text ult-responsive\"  data-ultimate-target='#Info-list-wrap-5113 .icon_description_text'  data-responsive-json-new='{\"font-size\":\"desktop:13px;\",\"line-height\":\"desktop:18px;\"}'  style=\"\"><p>Mutfak, banyo, mobilya, cam ve in\u015faat sekt\u00f6r\u00fc \u00fcr\u00fcnleri<\/p>\n<\/div><\/div><div class=\"icon_list_connector\" data-animation=\"fadeInUp\" data-animation-delay=\"03\" style=\"border-right-width: 1px;border-right-style: dotted;border-color: #25499b;\"><\/div><\/li><\/ul><\/div>[\/vc_column_inner][vc_column_inner width=&#8221;1\/4&#8243;]<div class=\"smile_icon_list_wrap ult_info_list_container ult-adjust-bottom-margin  \"><ul class=\"smile_icon_list left hexagon\"><li class=\"icon_list_item\" style=\" font-size:72px;\"><div class=\"icon_list_icon\" data-animation=\"fadeIn\" data-animation-delay=\"03\" style=\"font-size:24px;background:#d01e12;color:#ffffff;border-color:#d01e12;\"><i class=\"Defaults-clipboard paste\" ><\/i><\/div><div class=\"icon_description\" id=\"Info-list-wrap-2207\" style=\"font-size:24px;\"><h3 class=\"ult-responsive info-list-heading\"  data-ultimate-target='#Info-list-wrap-2207 h3'  data-responsive-json-new='{\"font-size\":\"desktop:16px;\",\"line-height\":\"desktop:24px;\"}'  style=\"\">\u0130leti\u015fim Bilgilerimiz<\/h3><div class=\"icon_description_text ult-responsive\"  data-ultimate-target='#Info-list-wrap-2207 .icon_description_text'  data-responsive-json-new='{\"font-size\":\"desktop:13px;\",\"line-height\":\"desktop:18px;\"}'  style=\"\"><p>\u0130leti\u015fim bilgilerimiz i\u00e7in hemen t\u0131klay\u0131n.<\/p>\n<\/div><\/div><div class=\"icon_list_connector\" data-animation=\"fadeInUp\" data-animation-delay=\"03\" style=\"border-right-width: 1px;border-right-style: dotted;border-color: #25499b;\"><\/div><a class=\"ulimate-info-list-link\" href=\"http:\/\/www.duranlar.com.tr\/duranlar\/iletisim\/\" ><\/a><\/li><\/ul><\/div>[\/vc_column_inner][\/vc_row_inner][\/vc_column][\/vc_row][vc_row css=&#8221;.vc_custom_1522538590725{margin-top: -30px !important;}&#8221;][vc_column width=&#8221;1\/4&#8243;][vc_single_image image=&#8221;1608&#8243; img_size=&#8221;full&#8221; alignment=&#8221;center&#8221; style=&#8221;vc_box_border&#8221;][\/vc_column][vc_column width=&#8221;1\/4&#8243;][vc_single_image image=&#8221;1610&#8243; img_size=&#8221;full&#8221; style=&#8221;vc_box_border&#8221;][\/vc_column][vc_column width=&#8221;1\/2&#8243; css=&#8221;.vc_custom_1522536092811{margin-top: 0px !important;margin-right: 0px !important;margin-bottom: 0px !important;margin-left: 0px !important;border-top-width: 0px !important;border-right-width: 0px !important;border-bottom-width: 0px !important;border-left-width: 0px !important;padding-top: 30px !important;padding-right: 10px !important;padding-bottom: 30px !important;padding-left: 10px !important;}&#8221;]<div id=\"ultimate-heading-274669f06c6025742\" class=\"uvc-heading ult-adjust-bottom-margin ultimate-heading-274669f06c6025742 uvc-8522  uvc-heading-default-font-sizes\" data-hspacer=\"no_spacer\"  data-halign=\"center\" style=\"text-align:center\"><div class=\"uvc-heading-spacer no_spacer\" style=\"top\"><\/div><div class=\"uvc-main-heading ult-responsive\"  data-ultimate-target='.uvc-heading.ultimate-heading-274669f06c6025742 h2'  data-responsive-json-new='{\"font-size\":\"\",\"line-height\":\"\"}' ><h2 style=\"font-family:&#039;Roboto Condensed&#039;;--font-weight:theme;\">Duranlar Ltd. \u015eti. Olarak;<\/h2><\/div><\/div>[vc_empty_space height=&#8221;5px&#8221;][vc_column_text]<\/p>\n<p style=\"text-align: center;\">T\u00fcrkiye\u2019de Bellona koltuk tak\u0131mlar\u0131, konsept haz\u0131rl\u0131klar\u0131, bayilikler ve birbirinden farkl\u0131 cam \u00fcretimleriyle \u00f6nemli ve k\u00f6kl\u00fc firmalar\u0131ndan biri olarak m\u00fc\u015fterilerimize hizmet sunmaktay\u0131z. <span style=\"color: #85868c;\"><a style=\"color: #85868c;\" href=\"https:\/\/www.prografik.pro\">Fethiye<\/a><\/span>\u2019de bulunmakta olan \u015firketimiz i\u00e7erisinde y\u00fczlerce personelimizle s\u00fcrekli olarak \u00e7al\u0131\u015farak h\u0131zl\u0131 ve kaliteli \u00fcretimi ger\u00e7ekle\u015ftiriyoruz.<\/p>\n<p style=\"text-align: center;\">Ba\u015far\u0131m\u0131z\u0131 ve kalitemizi m\u00fc\u015fterilerimize yans\u0131t\u0131yor ve m\u00fc\u015fterilerimizin hayallerini ger\u00e7ekle\u015ftirme konusunda da yo\u011fun \u00e7al\u0131\u015fmalar yap\u0131yoruz. Kalite standartlar\u0131n\u0131 takip ederek \u00e7al\u0131\u015ft\u0131\u011f\u0131m\u0131z ve her zaman kaliteyi \u00fcst seviyelere \u00e7\u0131kartmay\u0131 hedefledi\u011fimiz \u00e7e\u015fitli \u00e7al\u0131\u015fmalar\u0131m\u0131z ve kampanyalar\u0131m\u0131zla hizmete b\u00fcy\u00fck bir h\u0131zla devam ediyoruz.<\/p>\n<p style=\"text-align: center;\">Uzun y\u0131llard\u0131r bir\u00e7ok m\u00fc\u015fteriye hizmet vermenin gururuyla, durmadan \u00e7al\u0131\u015f\u0131yoruz. Koltuk tak\u0131mlar\u0131nda da son derece kaliteli \u00fcr\u00fcnleri kullan\u0131yor ve Bellona koltuk tak\u0131mlar\u0131n\u0131n birbirinden farkl\u0131 \u00e7e\u015fitleriyle kaliteyi evlere ta\u015f\u0131yoruz.<\/p>\n<p>[\/vc_column_text][\/vc_column][\/vc_row][vc_row css=&#8221;.vc_custom_1738025326337{margin-bottom: 5px !important;padding-top: 30px !important;}&#8221;][vc_column width=&#8221;1\/4&#8243;][vc_single_image image=&#8221;1179&#8243; img_size=&#8221;full&#8221; css=&#8221;.vc_custom_1524257727275{margin-top: 15px !important;margin-bottom: 5px !important;}&#8221;][vc_column_text]B\u00fcnyesindeki di\u011fer kurum ve kurulu\u015flar\u0131, yan taraftaki linkler yard\u0131m\u0131 ile inceleyebilir, hizmetlerimiz hakk\u0131nda daha fazla bilgi sahibi olabilirsiniz&#8230;[\/vc_column_text][\/vc_column][vc_column width=&#8221;1\/4&#8243;][vc_single_image image=&#8221;1595&#8243; img_size=&#8221;full&#8221; alignment=&#8221;center&#8221; onclick=&#8221;custom_link&#8221; img_link_target=&#8221;_blank&#8221; link=&#8221;http:\/\/www.duranlar.com.tr\/bellona&#8221;][\/vc_column][vc_column width=&#8221;1\/4&#8243;][vc_single_image image=&#8221;1601&#8243; img_size=&#8221;full&#8221; alignment=&#8221;center&#8221; onclick=&#8221;custom_link&#8221; img_link_target=&#8221;_blank&#8221; link=&#8221;http:\/\/www.duranlar.com.tr\/drnkonsept&#8221;][\/vc_column][vc_column width=&#8221;1\/4&#8243;][vc_single_image image=&#8221;1605&#8243; img_size=&#8221;full&#8221; alignment=&#8221;center&#8221; onclick=&#8221;custom_link&#8221; img_link_target=&#8221;_blank&#8221; link=&#8221;http:\/\/www.duranpen.com\/&#8221;][\/vc_column][\/vc_row]<\/p>\n<\/div>","protected":false},"excerpt":{"rendered":"<p>[vc_row bg_type=&#8221;bg_color&#8221; bg_override=&#8221;full&#8221; bg_color_value=&#8221;#f9f9f9&#8243; css=&#8221;.vc_custom_1523561339360{margin-top: -70px !important;}&#8221;][vc_column][vc_row_inner][vc_column_inner width=&#8221;1\/4&#8243;][\/vc_column_inner][vc_column_inner width=&#8221;1\/4&#8243;][\/vc_column_inner][vc_column_inner width=&#8221;1\/4&#8243;][\/vc_column_inner][vc_column_inner width=&#8221;1\/4&#8243;][\/vc_column_inner][\/vc_row_inner][\/vc_column][\/vc_row][vc_row css=&#8221;.vc_custom_1522538590725{margin-top: -30px !important;}&#8221;][vc_column width=&#8221;1\/4&#8243;][vc_single_image image=&#8221;1608&#8243; img_size=&#8221;full&#8221; alignment=&#8221;center&#8221; style=&#8221;vc_box_border&#8221;][\/vc_column][vc_column width=&#8221;1\/4&#8243;][vc_single_image image=&#8221;1610&#8243; img_size=&#8221;full&#8221; style=&#8221;vc_box_border&#8221;][\/vc_column][vc_column width=&#8221;1\/2&#8243; css=&#8221;.vc_custom_1522536092811{margin-top: 0px !important;margin-right: 0px !important;margin-bottom: 0px !important;margin-left: 0px !important;border-top-width: 0px !important;border-right-width: 0px !important;border-bottom-width: 0px !important;border-left-width: 0px !important;padding-top: 30px !important;padding-right: 10px !important;padding-bottom: 30px !important;padding-left: 10px !important;}&#8221;][vc_empty_space height=&#8221;5px&#8221;][vc_column_text] T\u00fcrkiye\u2019de Bellona koltuk tak\u0131mlar\u0131, konsept&hellip;<\/p>\n","protected":false},"author":1,"featured_media":0,"parent":0,"menu_order":0,"comment_status":"closed","ping_status":"closed","template":"","meta":{"footnotes":""},"class_list":["post-1241","page","type-page","status-publish","hentry","description-off"],"_links":{"self":[{"href":"https:\/\/www.duranlar.com.tr\/duranlar\/wp-json\/wp\/v2\/pages\/1241","targetHints":{"allow":["GET"]}}],"collection":[{"href":"https:\/\/www.duranlar.com.tr\/duranlar\/wp-json\/wp\/v2\/pages"}],"about":[{"href":"https:\/\/www.duranlar.com.tr\/duranlar\/wp-json\/wp\/v2\/types\/page"}],"author":[{"embeddable":true,"href":"https:\/\/www.duranlar.com.tr\/duranlar\/wp-json\/wp\/v2\/users\/1"}],"replies":[{"embeddable":true,"href":"https:\/\/www.duranlar.com.tr\/duranlar\/wp-json\/wp\/v2\/comments?post=1241"}],"version-history":[{"count":125,"href":"https:\/\/www.duranlar.com.tr\/duranlar\/wp-json\/wp\/v2\/pages\/1241\/revisions"}],"predecessor-version":[{"id":1799,"href":"https:\/\/www.duranlar.com.tr\/duranlar\/wp-json\/wp\/v2\/pages\/1241\/revisions\/1799"}],"wp:attachment":[{"href":"https:\/\/www.duranlar.com.tr\/duranlar\/wp-json\/wp\/v2\/media?parent=1241"}],"curies":[{"name":"wp","href":"https:\/\/api.w.org\/{rel}","templated":true}]}}